{"id":4379,"date":"2025-12-01T15:36:30","date_gmt":"2025-12-01T14:36:30","guid":{"rendered":"https:\/\/rocklesstable.eu\/demander-un-compte\/"},"modified":"2025-12-22T15:59:25","modified_gmt":"2025-12-22T14:59:25","slug":"demander-un-compte","status":"publish","type":"page","link":"https:\/\/rocklesstable.eu\/fr\/demander-un-compte\/","title":{"rendered":"Demander un compte"},"content":{"rendered":"\t\t<div data-elementor-type=\"wp-page\" data-elementor-id=\"4379\" class=\"elementor elementor-4379 elementor-1326\" data-elementor-post-type=\"page\">\n\t\t\t\t<div class=\"elementor-element elementor-element-94ea320 wd-section-stretch e-flex e-con-boxed e-con e-parent\" data-id=\"94ea320\" data-element_type=\"container\" data-e-type=\"container\" data-settings=\"{&quot;background_background&quot;:&quot;classic&quot;}\">\n\t\t\t\t\t<div class=\"e-con-inner\">\n\t\t\t\t<div class=\"elementor-element elementor-element-d6fdad0 elementor-widget elementor-widget-heading\" data-id=\"d6fdad0\" data-element_type=\"widget\" data-e-type=\"widget\" data-widget_type=\"heading.default\">\n\t\t\t\t\t<h1 class=\"elementor-heading-title elementor-size-default\">Obtenir un acc\u00e8s au portail revendeur\n<\/h1>\t\t\t\t<\/div>\n\t\t\t\t<div class=\"elementor-element elementor-element-88b37f9 elementor-widget elementor-widget-wd_text_block\" data-id=\"88b37f9\" data-element_type=\"widget\" data-e-type=\"widget\" data-widget_type=\"wd_text_block.default\">\n\t\t\t\t<div class=\"elementor-widget-container\">\n\t\t\t\t\t\t\t<div class=\"wd-text-block reset-last-child text-center\">\n\t\t\t\n\t\t\tVeuillez remplir le formulaire ci-dessous pour demander \u00e0 devenir revendeur et obtenir un compte sur notre site web. Nous vous recontacterons dans les plus brefs d\u00e9lais avec plus d\u2019informations et les prochaines \u00e9tapes.\n\t\t\t\t\t<\/div>\n\t\t\t\t\t\t<\/div>\n\t\t\t\t<\/div>\n\t\t\t\t<div class=\"elementor-element elementor-element-b88f791 elementor-button-align-stretch elementor-widget elementor-widget-form\" data-id=\"b88f791\" data-element_type=\"widget\" data-e-type=\"widget\" data-settings=\"{&quot;step_next_label&quot;:&quot;Suivant&quot;,&quot;step_previous_label&quot;:&quot;Pr\\u00e9c\\u00e9dent&quot;,&quot;button_width&quot;:&quot;100&quot;,&quot;step_type&quot;:&quot;number_text&quot;,&quot;step_icon_shape&quot;:&quot;circle&quot;}\" data-widget_type=\"form.default\">\n\t\t\t\t\t\t\t<form class=\"elementor-form\" method=\"post\" id=\"reseller_application_form\" name=\"Nouveau formulaire\" aria-label=\"Nouveau formulaire\">\n\t\t\t<input type=\"hidden\" name=\"post_id\" value=\"4379\"\/>\n\t\t\t<input type=\"hidden\" name=\"form_id\" value=\"b88f791\"\/>\n\t\t\t<input type=\"hidden\" name=\"referer_title\" value=\"Demander un compte - Rockless Table\" \/>\n\n\t\t\t\t\t\t\t<input type=\"hidden\" name=\"queried_id\" value=\"4379\"\/>\n\t\t\t\n\t\t\t<div class=\"elementor-form-fields-wrapper elementor-labels-above\">\n\t\t\t\t\t\t\t\t<div class=\"elementor-field-type-text elementor-field-group elementor-column elementor-field-group-foretags_namn elementor-col-33 elementor-field-required elementor-mark-required\">\n\t\t\t\t\t\t\t\t\t\t\t\t<label for=\"form-field-foretags_namn\" class=\"elementor-field-label\">\n\t\t\t\t\t\t\t\tNom de l\u2019entreprise\t\t\t\t\t\t\t<\/label>\n\t\t\t\t\t\t\t\t\t\t\t\t\t\t<input size=\"1\" type=\"text\" name=\"form_fields[foretags_namn]\" id=\"form-field-foretags_namn\" class=\"elementor-field elementor-size-sm  elementor-field-textual\" placeholder=\"Nom de l\u2019entreprise\" required=\"required\">\n\t\t\t\t\t\t\t\t\t\t\t<\/div>\n\t\t\t\t\t\t\t\t<div class=\"elementor-field-type-text elementor-field-group elementor-column elementor-field-group-org_nr elementor-col-33 elementor-field-required elementor-mark-required\">\n\t\t\t\t\t\t\t\t\t\t\t\t<label for=\"form-field-org_nr\" class=\"elementor-field-label\">\n\t\t\t\t\t\t\t\tNum\u00e9ro d\u2019organisation\t\t\t\t\t\t\t<\/label>\n\t\t\t\t\t\t\t\t\t\t\t\t\t\t<input size=\"1\" type=\"text\" name=\"form_fields[org_nr]\" id=\"form-field-org_nr\" class=\"elementor-field elementor-size-sm  elementor-field-textual\" placeholder=\"Num\u00e9ro d\u2019organisation\" required=\"required\">\n\t\t\t\t\t\t\t\t\t\t\t<\/div>\n\t\t\t\t\t\t\t\t<div class=\"elementor-field-type-email elementor-field-group elementor-column elementor-field-group-email elementor-col-33 elementor-field-required elementor-mark-required\">\n\t\t\t\t\t\t\t\t\t\t\t\t<label for=\"form-field-email\" class=\"elementor-field-label\">\n\t\t\t\t\t\t\t\tE-mail de facturation\t\t\t\t\t\t\t<\/label>\n\t\t\t\t\t\t\t\t\t\t\t\t\t\t<input size=\"1\" type=\"email\" name=\"form_fields[email]\" id=\"form-field-email\" class=\"elementor-field elementor-size-sm  elementor-field-textual\" placeholder=\"E-mail de facturation\" required=\"required\">\n\t\t\t\t\t\t\t\t\t\t\t<\/div>\n\t\t\t\t\t\t\t\t<div class=\"elementor-field-type-text elementor-field-group elementor-column elementor-field-group-faktura_adress elementor-col-33 elementor-field-required elementor-mark-required\">\n\t\t\t\t\t\t\t\t\t\t\t\t<label for=\"form-field-faktura_adress\" class=\"elementor-field-label\">\n\t\t\t\t\t\t\t\tAdresse de facturation\t\t\t\t\t\t\t<\/label>\n\t\t\t\t\t\t\t\t\t\t\t\t\t\t<input size=\"1\" type=\"text\" name=\"form_fields[faktura_adress]\" id=\"form-field-faktura_adress\" class=\"elementor-field elementor-size-sm  elementor-field-textual\" placeholder=\"Adresse de facturation\" required=\"required\">\n\t\t\t\t\t\t\t\t\t\t\t<\/div>\n\t\t\t\t\t\t\t\t<div class=\"elementor-field-type-text elementor-field-group elementor-column elementor-field-group-postnummer_faktura elementor-col-33 elementor-field-required elementor-mark-required\">\n\t\t\t\t\t\t\t\t\t\t\t\t<label for=\"form-field-postnummer_faktura\" class=\"elementor-field-label\">\n\t\t\t\t\t\t\t\tCode postal\t\t\t\t\t\t\t<\/label>\n\t\t\t\t\t\t\t\t\t\t\t\t\t\t<input size=\"1\" type=\"text\" name=\"form_fields[postnummer_faktura]\" id=\"form-field-postnummer_faktura\" class=\"elementor-field elementor-size-sm  elementor-field-textual\" placeholder=\"Code postal\" required=\"required\">\n\t\t\t\t\t\t\t\t\t\t\t<\/div>\n\t\t\t\t\t\t\t\t<div class=\"elementor-field-type-text elementor-field-group elementor-column elementor-field-group-postort_faktura elementor-col-33 elementor-field-required elementor-mark-required\">\n\t\t\t\t\t\t\t\t\t\t\t\t<label for=\"form-field-postort_faktura\" class=\"elementor-field-label\">\n\t\t\t\t\t\t\t\tVille\t\t\t\t\t\t\t<\/label>\n\t\t\t\t\t\t\t\t\t\t\t\t\t\t<input size=\"1\" type=\"text\" name=\"form_fields[postort_faktura]\" id=\"form-field-postort_faktura\" class=\"elementor-field elementor-size-sm  elementor-field-textual\" placeholder=\"Ville\" required=\"required\">\n\t\t\t\t\t\t\t\t\t\t\t<\/div>\n\t\t\t\t\t\t\t\t<div class=\"elementor-field-type-text elementor-field-group elementor-column elementor-field-group-kontaktperson elementor-col-33 elementor-field-required elementor-mark-required\">\n\t\t\t\t\t\t\t\t\t\t\t\t<label for=\"form-field-kontaktperson\" class=\"elementor-field-label\">\n\t\t\t\t\t\t\t\tPersonne de contact\t\t\t\t\t\t\t<\/label>\n\t\t\t\t\t\t\t\t\t\t\t\t\t\t<input size=\"1\" type=\"text\" name=\"form_fields[kontaktperson]\" id=\"form-field-kontaktperson\" class=\"elementor-field elementor-size-sm  elementor-field-textual\" placeholder=\"Personne de contact\" required=\"required\">\n\t\t\t\t\t\t\t\t\t\t\t<\/div>\n\t\t\t\t\t\t\t\t<div class=\"elementor-field-type-tel elementor-field-group elementor-column elementor-field-group-telefon elementor-col-33 elementor-field-required elementor-mark-required\">\n\t\t\t\t\t\t\t\t\t\t\t\t<label for=\"form-field-telefon\" class=\"elementor-field-label\">\n\t\t\t\t\t\t\t\tT\u00e9l\u00e9phone\t\t\t\t\t\t\t<\/label>\n\t\t\t\t\t\t\t\t<input size=\"1\" type=\"tel\" name=\"form_fields[telefon]\" id=\"form-field-telefon\" class=\"elementor-field elementor-size-sm  elementor-field-textual\" placeholder=\"T\u00e9l\u00e9phone\" required=\"required\" pattern=\"[0-9()#&amp;+*-=.]+\" title=\"Seuls les caract\u00e8res de num\u00e9ros de t\u00e9l\u00e9phone (#, -, *, etc.) sont accept\u00e9s.\">\n\n\t\t\t\t\t\t<\/div>\n\t\t\t\t\t\t\t\t<div class=\"elementor-field-type-email elementor-field-group elementor-column elementor-field-group-field_22bffca elementor-col-33 elementor-field-required elementor-mark-required\">\n\t\t\t\t\t\t\t\t\t\t\t\t<label for=\"form-field-field_22bffca\" class=\"elementor-field-label\">\n\t\t\t\t\t\t\t\tE-mail\t\t\t\t\t\t\t<\/label>\n\t\t\t\t\t\t\t\t\t\t\t\t\t\t<input size=\"1\" type=\"email\" name=\"form_fields[field_22bffca]\" id=\"form-field-field_22bffca\" class=\"elementor-field elementor-size-sm  elementor-field-textual\" placeholder=\"E-mail\" required=\"required\">\n\t\t\t\t\t\t\t\t\t\t\t<\/div>\n\t\t\t\t\t\t\t\t<div class=\"elementor-field-type-text elementor-field-group elementor-column elementor-field-group-hemsida elementor-col-100\">\n\t\t\t\t\t\t\t\t\t\t\t\t<label for=\"form-field-hemsida\" class=\"elementor-field-label\">\n\t\t\t\t\t\t\t\tSite web\t\t\t\t\t\t\t<\/label>\n\t\t\t\t\t\t\t\t\t\t\t\t\t\t<input size=\"1\" type=\"text\" name=\"form_fields[hemsida]\" id=\"form-field-hemsida\" class=\"elementor-field elementor-size-sm  elementor-field-textual\" placeholder=\"Site web\">\n\t\t\t\t\t\t\t\t\t\t\t<\/div>\n\t\t\t\t\t\t\t\t<div class=\"elementor-field-type-textarea elementor-field-group elementor-column elementor-field-group-field_718834c elementor-col-100\">\n\t\t\t\t\t\t\t\t\t\t\t\t<label for=\"form-field-field_718834c\" class=\"elementor-field-label\">\n\t\t\t\t\t\t\t\tAutre\t\t\t\t\t\t\t<\/label>\n\t\t\t\t\t\t<textarea class=\"elementor-field-textual elementor-field  elementor-size-sm\" name=\"form_fields[field_718834c]\" id=\"form-field-field_718834c\" rows=\"4\" placeholder=\"Autre\"><\/textarea>\t\t\t\t<\/div>\n\t\t\t\t\t\t\t\t<div class=\"elementor-field-type-recaptcha elementor-field-group elementor-column elementor-field-group-field_ae038a6 elementor-col-100\">\n\t\t\t\t\t<div class=\"elementor-field\" id=\"form-field-field_ae038a6\"><div class=\"elementor-g-recaptcha\" data-sitekey=\"6LdMMCEsAAAAAHg1K2cmJikStw05nTYNNZE9PwbQ\" data-type=\"v2_checkbox\" data-theme=\"light\" data-size=\"normal\"><\/div><\/div>\t\t\t\t<\/div>\n\t\t\t\t\t\t\t\t<div class=\"elementor-field-group elementor-column elementor-field-type-submit elementor-col-100 e-form__buttons\">\n\t\t\t\t\t<button class=\"elementor-button elementor-size-md\" type=\"submit\">\n\t\t\t\t\t\t<span class=\"elementor-button-content-wrapper\">\n\t\t\t\t\t\t\t\t\t\t\t\t\t\t\t\t\t\t\t\t\t\t<span class=\"elementor-button-text\">Envoyer la demande<\/span>\n\t\t\t\t\t\t\t\t\t\t\t\t\t<\/span>\n\t\t\t\t\t<\/button>\n\t\t\t\t<\/div>\n\t\t\t<\/div>\n\t\t<\/form>\n\t\t\t\t\t\t<\/div>\n\t\t\t\t\t<\/div>\n\t\t\t\t<\/div>\n\t\t\t\t<\/div>\n\t\t","protected":false},"excerpt":{"rendered":"<p>Obtenir un acc\u00e8s au portail revendeur Veuillez remplir le formulaire ci-dessous pour demander \u00e0 devenir revendeur et obtenir un compte<\/p>\n","protected":false},"author":1,"featured_media":0,"parent":0,"menu_order":0,"comment_status":"closed","ping_status":"closed","template":"","meta":{"_acf_changed":false,"footnotes":""},"class_list":["post-4379","page","type-page","status-publish","hentry"],"acf":[],"yoast_head":"<!-- This site is optimized with the Yoast SEO plugin v27.1.1 - https:\/\/yoast.com\/product\/yoast-seo-wordpress\/ -->\n<title>Demander un compte - Rockless Table<\/title>\n<meta name=\"robots\" content=\"index, follow, max-snippet:-1, max-image-preview:large, max-video-preview:-1\" \/>\n<link rel=\"canonical\" href=\"https:\/\/rocklesstable.eu\/fr\/demander-un-compte\/\" \/>\n<meta property=\"og:locale\" content=\"fr_FR\" \/>\n<meta property=\"og:type\" content=\"article\" \/>\n<meta property=\"og:title\" content=\"Demander un compte - Rockless Table\" \/>\n<meta property=\"og:description\" content=\"Obtenir un acc\u00e8s au portail revendeur Veuillez remplir le formulaire ci-dessous pour demander \u00e0 devenir revendeur et obtenir un compte\" \/>\n<meta property=\"og:url\" content=\"https:\/\/rocklesstable.eu\/fr\/demander-un-compte\/\" \/>\n<meta property=\"og:site_name\" content=\"Rockless Table\" \/>\n<meta property=\"article:modified_time\" content=\"2025-12-22T14:59:25+00:00\" \/>\n<meta name=\"twitter:card\" content=\"summary_large_image\" \/>\n<script type=\"application\/ld+json\" class=\"yoast-schema-graph\">{\"@context\":\"https:\/\/schema.org\",\"@graph\":[{\"@type\":\"WebPage\",\"@id\":\"https:\/\/rocklesstable.eu\/fr\/demander-un-compte\/\",\"url\":\"https:\/\/rocklesstable.eu\/fr\/demander-un-compte\/\",\"name\":\"Demander un compte - Rockless Table\",\"isPartOf\":{\"@id\":\"https:\/\/rocklesstable.eu\/fr\/#website\"},\"datePublished\":\"2025-12-01T14:36:30+00:00\",\"dateModified\":\"2025-12-22T14:59:25+00:00\",\"breadcrumb\":{\"@id\":\"https:\/\/rocklesstable.eu\/fr\/demander-un-compte\/#breadcrumb\"},\"inLanguage\":\"fr-FR\",\"potentialAction\":[{\"@type\":\"ReadAction\",\"target\":[\"https:\/\/rocklesstable.eu\/fr\/demander-un-compte\/\"]}]},{\"@type\":\"BreadcrumbList\",\"@id\":\"https:\/\/rocklesstable.eu\/fr\/demander-un-compte\/#breadcrumb\",\"itemListElement\":[{\"@type\":\"ListItem\",\"position\":1,\"name\":\"Ourlet\",\"item\":\"https:\/\/rocklesstable.eu\/fr\/accueil\/\"},{\"@type\":\"ListItem\",\"position\":2,\"name\":\"Demander un compte\"}]},{\"@type\":\"WebSite\",\"@id\":\"https:\/\/rocklesstable.eu\/fr\/#website\",\"url\":\"https:\/\/rocklesstable.eu\/fr\/\",\"name\":\"Rockless Table\",\"description\":\"Sj\u00e4lvstabiliserande restaurang- och barbordsunderrede\",\"potentialAction\":[{\"@type\":\"SearchAction\",\"target\":{\"@type\":\"EntryPoint\",\"urlTemplate\":\"https:\/\/rocklesstable.eu\/fr\/?s={search_term_string}\"},\"query-input\":{\"@type\":\"PropertyValueSpecification\",\"valueRequired\":true,\"valueName\":\"search_term_string\"}}],\"inLanguage\":\"fr-FR\"}]}<\/script>\n<!-- \/ Yoast SEO plugin. -->","yoast_head_json":{"title":"Demander un compte - Rockless Table","robots":{"index":"index","follow":"follow","max-snippet":"max-snippet:-1","max-image-preview":"max-image-preview:large","max-video-preview":"max-video-preview:-1"},"canonical":"https:\/\/rocklesstable.eu\/fr\/demander-un-compte\/","og_locale":"fr_FR","og_type":"article","og_title":"Demander un compte - Rockless Table","og_description":"Obtenir un acc\u00e8s au portail revendeur Veuillez remplir le formulaire ci-dessous pour demander \u00e0 devenir revendeur et obtenir un compte","og_url":"https:\/\/rocklesstable.eu\/fr\/demander-un-compte\/","og_site_name":"Rockless Table","article_modified_time":"2025-12-22T14:59:25+00:00","twitter_card":"summary_large_image","schema":{"@context":"https:\/\/schema.org","@graph":[{"@type":"WebPage","@id":"https:\/\/rocklesstable.eu\/fr\/demander-un-compte\/","url":"https:\/\/rocklesstable.eu\/fr\/demander-un-compte\/","name":"Demander un compte - Rockless Table","isPartOf":{"@id":"https:\/\/rocklesstable.eu\/fr\/#website"},"datePublished":"2025-12-01T14:36:30+00:00","dateModified":"2025-12-22T14:59:25+00:00","breadcrumb":{"@id":"https:\/\/rocklesstable.eu\/fr\/demander-un-compte\/#breadcrumb"},"inLanguage":"fr-FR","potentialAction":[{"@type":"ReadAction","target":["https:\/\/rocklesstable.eu\/fr\/demander-un-compte\/"]}]},{"@type":"BreadcrumbList","@id":"https:\/\/rocklesstable.eu\/fr\/demander-un-compte\/#breadcrumb","itemListElement":[{"@type":"ListItem","position":1,"name":"Ourlet","item":"https:\/\/rocklesstable.eu\/fr\/accueil\/"},{"@type":"ListItem","position":2,"name":"Demander un compte"}]},{"@type":"WebSite","@id":"https:\/\/rocklesstable.eu\/fr\/#website","url":"https:\/\/rocklesstable.eu\/fr\/","name":"Rockless Table","description":"Sj\u00e4lvstabiliserande restaurang- och barbordsunderrede","potentialAction":[{"@type":"SearchAction","target":{"@type":"EntryPoint","urlTemplate":"https:\/\/rocklesstable.eu\/fr\/?s={search_term_string}"},"query-input":{"@type":"PropertyValueSpecification","valueRequired":true,"valueName":"search_term_string"}}],"inLanguage":"fr-FR"}]}},"_links":{"self":[{"href":"https:\/\/rocklesstable.eu\/fr\/wp-json\/wp\/v2\/pages\/4379","targetHints":{"allow":["GET"]}}],"collection":[{"href":"https:\/\/rocklesstable.eu\/fr\/wp-json\/wp\/v2\/pages"}],"about":[{"href":"https:\/\/rocklesstable.eu\/fr\/wp-json\/wp\/v2\/types\/page"}],"author":[{"embeddable":true,"href":"https:\/\/rocklesstable.eu\/fr\/wp-json\/wp\/v2\/users\/1"}],"replies":[{"embeddable":true,"href":"https:\/\/rocklesstable.eu\/fr\/wp-json\/wp\/v2\/comments?post=4379"}],"version-history":[{"count":1,"href":"https:\/\/rocklesstable.eu\/fr\/wp-json\/wp\/v2\/pages\/4379\/revisions"}],"predecessor-version":[{"id":4416,"href":"https:\/\/rocklesstable.eu\/fr\/wp-json\/wp\/v2\/pages\/4379\/revisions\/4416"}],"wp:attachment":[{"href":"https:\/\/rocklesstable.eu\/fr\/wp-json\/wp\/v2\/media?parent=4379"}],"curies":[{"name":"wp","href":"https:\/\/api.w.org\/{rel}","templated":true}]}}